{"id":2665,"date":"2026-03-30T09:51:26","date_gmt":"2026-03-30T07:51:26","guid":{"rendered":"https:\/\/www.jialu.ch\/?post_type=product&#038;p=2665"},"modified":"2026-03-30T10:03:10","modified_gmt":"2026-03-30T08:03:10","slug":"tea-gin-smoky-mandarin","status":"publish","type":"product","link":"https:\/\/www.jialu.ch\/en\/product\/tea-gin-smoky-mandarin\/","title":{"rendered":"Tea Gin &#8211; Smoky Mandarin"},"content":{"rendered":"<p><strong>Premium London Dry Gin mit Lapsang Souchong und Mandarinenschalen<\/strong><\/p>\n<p>Eine Infusion aus Premium London Dry Gin mit Lapsang Souchong, einem ger\u00e4ucherten Schwarztee, und frischen Mandarinenschalen. Sorgf\u00e4ltig ausbalanciert, vereint sie kr\u00e4ftige Rauchnoten mit einem lebendigen Zitrustwist und bietet Intensit\u00e4t wie auch Raffinesse.<\/p>\n<p><img fetchpriority=\"high\" decoding=\"async\" class=\"alignnone size-medium wp-image-2668\" src=\"https:\/\/www.jialu.ch\/wp-content\/uploads\/2026\/03\/Tea-Gin-Smoky-Mandarin2-800x800.jpg\" alt=\"\" width=\"800\" height=\"800\" srcset=\"https:\/\/www.jialu.ch\/wp-content\/uploads\/2026\/03\/Tea-Gin-Smoky-Mandarin2-800x800.jpg 800w, https:\/\/www.jialu.ch\/wp-content\/uploads\/2026\/03\/Tea-Gin-Smoky-Mandarin2-500x500.jpg 500w, https:\/\/www.jialu.ch\/wp-content\/uploads\/2026\/03\/Tea-Gin-Smoky-Mandarin2-768x768.jpg 768w, https:\/\/www.jialu.ch\/wp-content\/uploads\/2026\/03\/Tea-Gin-Smoky-Mandarin2-300x300.jpg 300w, https:\/\/www.jialu.ch\/wp-content\/uploads\/2026\/03\/Tea-Gin-Smoky-Mandarin2-600x600.jpg 600w, https:\/\/www.jialu.ch\/wp-content\/uploads\/2026\/03\/Tea-Gin-Smoky-Mandarin2-100x100.jpg 100w, https:\/\/www.jialu.ch\/wp-content\/uploads\/2026\/03\/Tea-Gin-Smoky-Mandarin2.jpg 1184w\" sizes=\"(max-width: 800px) 100vw, 800px\" \/><\/p>\n","protected":false},"excerpt":{"rendered":"<p><strong>Premium London Dry Gin mit Lapsang Souchong und Mandarinenschalen<\/strong><\/p>\n","protected":false},"featured_media":2666,"comment_status":"closed","ping_status":"closed","template":"","meta":{"inline_featured_image":false},"product_brand":[],"product_cat":[48],"product_tag":[],"class_list":{"0":"post-2665","1":"product","2":"type-product","3":"status-publish","4":"has-post-thumbnail","6":"product_cat-alle-produkte","7":"product_shipping_class-versandkosten","9":"first","10":"instock","11":"shipping-taxable","12":"purchasable","13":"product-type-simple"},"yoast_head":"<!-- This site is optimized with the Yoast SEO plugin v27.4 - https:\/\/yoast.com\/product\/yoast-seo-wordpress\/ -->\n<title>Tea Gin - Smoky Mandarin - Jialu National AG Luzern<\/title>\n<meta name=\"description\" content=\"Tea Gin - Smoky Mandarin; Eine Infusion aus Premium London Dry Gin mit Lapsang Souchong, einem ger\u00e4ucherten Schwarztee, und frischen...\" \/>\n<meta name=\"robots\" content=\"index, follow, max-snippet:-1, max-image-preview:large, max-video-preview:-1\" \/>\n<link rel=\"canonical\" href=\"https:\/\/www.jialu.ch\/product\/tea-gin-smoky-mandarin\/\" \/>\n<meta property=\"og:locale\" content=\"en_US\" \/>\n<meta property=\"og:type\" content=\"article\" \/>\n<meta property=\"og:title\" content=\"Tea Gin - Smoky Mandarin - Jialu National AG Luzern\" \/>\n<meta property=\"og:description\" content=\"Tea Gin - Smoky Mandarin; Eine Infusion aus Premium London Dry Gin mit Lapsang Souchong, einem ger\u00e4ucherten Schwarztee, und frischen...\" \/>\n<meta property=\"og:url\" content=\"https:\/\/www.jialu.ch\/product\/tea-gin-smoky-mandarin\/\" \/>\n<meta property=\"og:site_name\" content=\"Jialu National AG Luzern\" \/>\n<meta property=\"article:publisher\" content=\"https:\/\/www.facebook.com\/jialu.national\/\" \/>\n<meta property=\"article:modified_time\" content=\"2026-03-30T08:03:10+00:00\" \/>\n<meta property=\"og:image\" content=\"https:\/\/www.jialu.ch\/wp-content\/uploads\/2026\/03\/Tea-Gin-Smoky-Mandarin.jpg\" \/>\n\t<meta property=\"og:image:width\" content=\"1184\" \/>\n\t<meta property=\"og:image:height\" content=\"1184\" \/>\n\t<meta property=\"og:image:type\" content=\"image\/jpeg\" \/>\n<meta name=\"twitter:card\" content=\"summary_large_image\" \/>\n<meta name=\"twitter:label1\" content=\"Est. reading time\" \/>\n\t<meta name=\"twitter:data1\" content=\"1 minute\" \/>\n<script type=\"application\/ld+json\" class=\"yoast-schema-graph\">{\"@context\":\"https:\\\/\\\/schema.org\",\"@graph\":[{\"@type\":\"WebPage\",\"@id\":\"https:\\\/\\\/www.jialu.ch\\\/product\\\/tea-gin-smoky-mandarin\\\/\",\"url\":\"https:\\\/\\\/www.jialu.ch\\\/product\\\/tea-gin-smoky-mandarin\\\/\",\"name\":\"Tea Gin - Smoky Mandarin - Jialu National AG Luzern\",\"isPartOf\":{\"@id\":\"https:\\\/\\\/www.jialu.ch\\\/#website\"},\"primaryImageOfPage\":{\"@id\":\"https:\\\/\\\/www.jialu.ch\\\/product\\\/tea-gin-smoky-mandarin\\\/#primaryimage\"},\"image\":{\"@id\":\"https:\\\/\\\/www.jialu.ch\\\/product\\\/tea-gin-smoky-mandarin\\\/#primaryimage\"},\"thumbnailUrl\":\"https:\\\/\\\/www.jialu.ch\\\/wp-content\\\/uploads\\\/2026\\\/03\\\/Tea-Gin-Smoky-Mandarin.jpg\",\"datePublished\":\"2026-03-30T07:51:26+00:00\",\"dateModified\":\"2026-03-30T08:03:10+00:00\",\"description\":\"Tea Gin - Smoky Mandarin; Eine Infusion aus Premium London Dry Gin mit Lapsang Souchong, einem ger\u00e4ucherten Schwarztee, und frischen...\",\"breadcrumb\":{\"@id\":\"https:\\\/\\\/www.jialu.ch\\\/product\\\/tea-gin-smoky-mandarin\\\/#breadcrumb\"},\"inLanguage\":\"en-US\",\"potentialAction\":[{\"@type\":\"ReadAction\",\"target\":[\"https:\\\/\\\/www.jialu.ch\\\/product\\\/tea-gin-smoky-mandarin\\\/\"]}]},{\"@type\":\"ImageObject\",\"inLanguage\":\"en-US\",\"@id\":\"https:\\\/\\\/www.jialu.ch\\\/product\\\/tea-gin-smoky-mandarin\\\/#primaryimage\",\"url\":\"https:\\\/\\\/www.jialu.ch\\\/wp-content\\\/uploads\\\/2026\\\/03\\\/Tea-Gin-Smoky-Mandarin.jpg\",\"contentUrl\":\"https:\\\/\\\/www.jialu.ch\\\/wp-content\\\/uploads\\\/2026\\\/03\\\/Tea-Gin-Smoky-Mandarin.jpg\",\"width\":1184,\"height\":1184},{\"@type\":\"BreadcrumbList\",\"@id\":\"https:\\\/\\\/www.jialu.ch\\\/product\\\/tea-gin-smoky-mandarin\\\/#breadcrumb\",\"itemListElement\":[{\"@type\":\"ListItem\",\"position\":1,\"name\":\"Shop\",\"item\":\"https:\\\/\\\/www.jialu.ch\\\/shop\\\/\"},{\"@type\":\"ListItem\",\"position\":2,\"name\":\"Tea Gin &#8211; Smoky Mandarin\"}]},{\"@type\":\"WebSite\",\"@id\":\"https:\\\/\\\/www.jialu.ch\\\/#website\",\"url\":\"https:\\\/\\\/www.jialu.ch\\\/\",\"name\":\"Jialu National AG Luzern\",\"description\":\"China Restaurant\",\"publisher\":{\"@id\":\"https:\\\/\\\/www.jialu.ch\\\/#organization\"},\"potentialAction\":[{\"@type\":\"SearchAction\",\"target\":{\"@type\":\"EntryPoint\",\"urlTemplate\":\"https:\\\/\\\/www.jialu.ch\\\/?s={search_term_string}\"},\"query-input\":{\"@type\":\"PropertyValueSpecification\",\"valueRequired\":true,\"valueName\":\"search_term_string\"}}],\"inLanguage\":\"en-US\"},{\"@type\":\"Organization\",\"@id\":\"https:\\\/\\\/www.jialu.ch\\\/#organization\",\"name\":\"Jialu National AG Luzern\",\"url\":\"https:\\\/\\\/www.jialu.ch\\\/\",\"logo\":{\"@type\":\"ImageObject\",\"inLanguage\":\"en-US\",\"@id\":\"https:\\\/\\\/www.jialu.ch\\\/#\\\/schema\\\/logo\\\/image\\\/\",\"url\":\"https:\\\/\\\/www.jialu.ch\\\/wp-content\\\/uploads\\\/2022\\\/11\\\/Jialu-logo1.png\",\"contentUrl\":\"https:\\\/\\\/www.jialu.ch\\\/wp-content\\\/uploads\\\/2022\\\/11\\\/Jialu-logo1.png\",\"width\":392,\"height\":243,\"caption\":\"Jialu National AG Luzern\"},\"image\":{\"@id\":\"https:\\\/\\\/www.jialu.ch\\\/#\\\/schema\\\/logo\\\/image\\\/\"},\"sameAs\":[\"https:\\\/\\\/www.facebook.com\\\/jialu.national\\\/\"]}]}<\/script>\n<!-- \/ Yoast SEO plugin. -->","yoast_head_json":{"title":"Tea Gin - Smoky Mandarin - Jialu National AG Luzern","description":"Tea Gin - Smoky Mandarin; Eine Infusion aus Premium London Dry Gin mit Lapsang Souchong, einem ger\u00e4ucherten Schwarztee, und frischen...","robots":{"index":"index","follow":"follow","max-snippet":"max-snippet:-1","max-image-preview":"max-image-preview:large","max-video-preview":"max-video-preview:-1"},"canonical":"https:\/\/www.jialu.ch\/product\/tea-gin-smoky-mandarin\/","og_locale":"en_US","og_type":"article","og_title":"Tea Gin - Smoky Mandarin - Jialu National AG Luzern","og_description":"Tea Gin - Smoky Mandarin; Eine Infusion aus Premium London Dry Gin mit Lapsang Souchong, einem ger\u00e4ucherten Schwarztee, und frischen...","og_url":"https:\/\/www.jialu.ch\/product\/tea-gin-smoky-mandarin\/","og_site_name":"Jialu National AG Luzern","article_publisher":"https:\/\/www.facebook.com\/jialu.national\/","article_modified_time":"2026-03-30T08:03:10+00:00","og_image":[{"width":1184,"height":1184,"url":"https:\/\/www.jialu.ch\/wp-content\/uploads\/2026\/03\/Tea-Gin-Smoky-Mandarin.jpg","type":"image\/jpeg"}],"twitter_card":"summary_large_image","twitter_misc":{"Est. reading time":"1 minute"},"schema":{"@context":"https:\/\/schema.org","@graph":[{"@type":"WebPage","@id":"https:\/\/www.jialu.ch\/product\/tea-gin-smoky-mandarin\/","url":"https:\/\/www.jialu.ch\/product\/tea-gin-smoky-mandarin\/","name":"Tea Gin - Smoky Mandarin - Jialu National AG Luzern","isPartOf":{"@id":"https:\/\/www.jialu.ch\/#website"},"primaryImageOfPage":{"@id":"https:\/\/www.jialu.ch\/product\/tea-gin-smoky-mandarin\/#primaryimage"},"image":{"@id":"https:\/\/www.jialu.ch\/product\/tea-gin-smoky-mandarin\/#primaryimage"},"thumbnailUrl":"https:\/\/www.jialu.ch\/wp-content\/uploads\/2026\/03\/Tea-Gin-Smoky-Mandarin.jpg","datePublished":"2026-03-30T07:51:26+00:00","dateModified":"2026-03-30T08:03:10+00:00","description":"Tea Gin - Smoky Mandarin; Eine Infusion aus Premium London Dry Gin mit Lapsang Souchong, einem ger\u00e4ucherten Schwarztee, und frischen...","breadcrumb":{"@id":"https:\/\/www.jialu.ch\/product\/tea-gin-smoky-mandarin\/#breadcrumb"},"inLanguage":"en-US","potentialAction":[{"@type":"ReadAction","target":["https:\/\/www.jialu.ch\/product\/tea-gin-smoky-mandarin\/"]}]},{"@type":"ImageObject","inLanguage":"en-US","@id":"https:\/\/www.jialu.ch\/product\/tea-gin-smoky-mandarin\/#primaryimage","url":"https:\/\/www.jialu.ch\/wp-content\/uploads\/2026\/03\/Tea-Gin-Smoky-Mandarin.jpg","contentUrl":"https:\/\/www.jialu.ch\/wp-content\/uploads\/2026\/03\/Tea-Gin-Smoky-Mandarin.jpg","width":1184,"height":1184},{"@type":"BreadcrumbList","@id":"https:\/\/www.jialu.ch\/product\/tea-gin-smoky-mandarin\/#breadcrumb","itemListElement":[{"@type":"ListItem","position":1,"name":"Shop","item":"https:\/\/www.jialu.ch\/shop\/"},{"@type":"ListItem","position":2,"name":"Tea Gin &#8211; Smoky Mandarin"}]},{"@type":"WebSite","@id":"https:\/\/www.jialu.ch\/#website","url":"https:\/\/www.jialu.ch\/","name":"Jialu National AG Luzern","description":"China Restaurant","publisher":{"@id":"https:\/\/www.jialu.ch\/#organization"},"potentialAction":[{"@type":"SearchAction","target":{"@type":"EntryPoint","urlTemplate":"https:\/\/www.jialu.ch\/?s={search_term_string}"},"query-input":{"@type":"PropertyValueSpecification","valueRequired":true,"valueName":"search_term_string"}}],"inLanguage":"en-US"},{"@type":"Organization","@id":"https:\/\/www.jialu.ch\/#organization","name":"Jialu National AG Luzern","url":"https:\/\/www.jialu.ch\/","logo":{"@type":"ImageObject","inLanguage":"en-US","@id":"https:\/\/www.jialu.ch\/#\/schema\/logo\/image\/","url":"https:\/\/www.jialu.ch\/wp-content\/uploads\/2022\/11\/Jialu-logo1.png","contentUrl":"https:\/\/www.jialu.ch\/wp-content\/uploads\/2022\/11\/Jialu-logo1.png","width":392,"height":243,"caption":"Jialu National AG Luzern"},"image":{"@id":"https:\/\/www.jialu.ch\/#\/schema\/logo\/image\/"},"sameAs":["https:\/\/www.facebook.com\/jialu.national\/"]}]}},"_links":{"self":[{"href":"https:\/\/www.jialu.ch\/en\/wp-json\/wp\/v2\/product\/2665","targetHints":{"allow":["GET"]}}],"collection":[{"href":"https:\/\/www.jialu.ch\/en\/wp-json\/wp\/v2\/product"}],"about":[{"href":"https:\/\/www.jialu.ch\/en\/wp-json\/wp\/v2\/types\/product"}],"replies":[{"embeddable":true,"href":"https:\/\/www.jialu.ch\/en\/wp-json\/wp\/v2\/comments?post=2665"}],"wp:featuredmedia":[{"embeddable":true,"href":"https:\/\/www.jialu.ch\/en\/wp-json\/wp\/v2\/media\/2666"}],"wp:attachment":[{"href":"https:\/\/www.jialu.ch\/en\/wp-json\/wp\/v2\/media?parent=2665"}],"wp:term":[{"taxonomy":"product_brand","embeddable":true,"href":"https:\/\/www.jialu.ch\/en\/wp-json\/wp\/v2\/product_brand?post=2665"},{"taxonomy":"product_cat","embeddable":true,"href":"https:\/\/www.jialu.ch\/en\/wp-json\/wp\/v2\/product_cat?post=2665"},{"taxonomy":"product_tag","embeddable":true,"href":"https:\/\/www.jialu.ch\/en\/wp-json\/wp\/v2\/product_tag?post=2665"}],"curies":[{"name":"wp","href":"https:\/\/api.w.org\/{rel}","templated":true}]}}